{"id":571,"date":"2018-05-02T15:35:39","date_gmt":"2018-05-02T15:35:39","guid":{"rendered":"http:\/\/dreamsofisa.org\/?page_id=571"},"modified":"2019-04-23T13:45:12","modified_gmt":"2019-04-23T13:45:12","slug":"about-us","status":"publish","type":"page","link":"https:\/\/dreamsofisa.org\/tr\/about-us\/","title":{"rendered":"Hakk\u0131m\u0131zda"},"content":{"rendered":"<p><strong>Bizler, Efendimiz \u0130sa Mesih\u2019in ya\u015fam\u0131n\u0131 ve \u00f6\u011fretisini takip eden bir inanl\u0131 toplulu\u011fuyuz.<\/strong><\/p>\n<p><em>\u201cAma Hepsi bir de\u011fildir. Ehlikitap i\u00e7inden Allah i\u00e7in ba\u015f kald\u0131ran\u2026 bir z\u00fcmre de vard\u0131r\u2026 Allah\u2019a ve \u00e2hiret g\u00fcn\u00fcne inan\u0131rlar, iyilik ve g\u00fczelli\u011fi belirlenmi\u015f olana \u00f6zendirirler, k\u00f6t\u00fcl\u00fck ve \u00e7irkinli\u011fi belirlenmi\u015f olandan sak\u0131nd\u0131r\u0131rlar. Hay\u0131r i\u015flerde yar\u0131\u015f\u0131rcas\u0131na ko\u015farlar. \u0130\u015fte bunlar hayra ve bar\u0131\u015fa y\u00f6nelik hizmet \u00fcretenlerdendir.\u201d<\/em> (\u00c2li \u0130mran Suresi 3:113-114)<\/p>\n<p><span>Kutsal \u0130ncil\u2019de \u00f6zel bir toplulu\u011fu tasvir edilir ve onlara \u201cAz\u0131nl\u0131k\u201d denilir.<\/span><\/p>\n<ul>\n<li class=\"translation-block\">Tanr\u0131 ve peygamberleri taraf\u0131ndan verilmi\u015f b\u00fct\u00fcn buyruklara ve yasalara uyar\u0131z; bu buyruklar ve yasalar Tevrat, Zebur ve \u0130ncil\u2019de kay\u0131tl\u0131d\u0131r.<\/li>\n<li><strong>\u015eabat G\u00fcn\u00fc\u2019n\u00fc kutlar\u0131z<\/strong>\u2013 Kutsal tap\u0131nma g\u00fcn\u00fc olarak haftan\u0131n yedinci g\u00fcn\u00fc. \u201cG\u00f6k ve yer b\u00fct\u00fcn \u00f6\u011feleriyle tamamland\u0131. Yedinci g\u00fcne gelindi\u011finde Tanr\u0131 yapmakta oldu\u011fu i\u015fi bitirdi. Yapt\u0131\u011f\u0131 i\u015ften o g\u00fcn dinlendi. Yedinci g\u00fcn\u00fc kutsad\u0131. Onu kutsal bir g\u00fcn olarak belirledi. \u00c7\u00fcnk\u00fc Tanr\u0131 o g\u00fcn yapt\u0131\u011f\u0131, yaratt\u0131\u011f\u0131 b\u00fct\u00fcn i\u015fi bitirip dinlendi.\u201d (Tevrat, Yarat\u0131l\u0131\u015f 2:1-3) \u201c\u015eabat G\u00fcn\u00fc\u2019n\u00fc kutsal sayarak an\u0131msa. Alt\u0131 g\u00fcn \u00e7al\u0131\u015facak, b\u00fct\u00fcn i\u015flerini yapacaks\u0131n. Ama yedinci g\u00fcn bana, Tanr\u0131n RAB\u2019be \u015eabat G\u00fcn\u00fc olarak adanm\u0131\u015ft\u0131r. O g\u00fcn sen, o\u011flun, k\u0131z\u0131n, erkek ve kad\u0131n k\u00f6len, hayvanlar\u0131n, aran\u0131zdaki yabanc\u0131lar dahil, hi\u00e7bir i\u015f yapmayacaks\u0131n\u0131z. \u00c7\u00fcnk\u00fc ben, RAB yeri g\u00f6\u011f\u00fc, denizi ve b\u00fct\u00fcn canl\u0131lar\u0131 alt\u0131 g\u00fcnde yaratt\u0131m, yedinci g\u00fcn dinlendim. Bu y\u00fczden \u015eabat G\u00fcn\u00fc\u2019n\u00fc kutsad\u0131m ve kutsal bir g\u00fcn olarak belirledim.\u201d (Tevrat, M\u0131s\u0131r\u2019dan \u00c7\u0131k\u0131\u015f 20:8-11) \u201cKutsal g\u00fcn\u00fcmde diledi\u011finizi yapmaz, \u015eabat G\u00fcn\u00fc\u2019n\u00fc \u00e7i\u011fnemezseniz, \u015eabat G\u00fcn\u00fc\u2019ne \u2018Zevkli\u2019, RAB\u2019bin kutsal g\u00fcn\u00fcne \u2018Onurlu\u2019 derseniz, kendi yolunuzdan gitmez, keyfinize bakmay\u0131p bo\u015f konulara dalmaz, o g\u00fcn\u00fc y\u00fcceltirseniz\u2026\u201d (Tevrat, Ye\u015faya 58:13)<\/li>\n<li><strong>Tek olan Tanr\u0131\u2019ya tapar\u0131z.<\/strong>\u201c\u00c7\u00fcnk\u00fc g\u00f6kleri yaratan RAB, d\u00fcnyay\u0131 yarat\u0131p bi\u00e7imlendiren, peki\u015ftiren, \u00fczerinde ya\u015fanmas\u0131n diye de\u011fil, ya\u015fans\u0131n diye bi\u00e7imlendiren RAB \u2013Tanr\u0131 O\u2019dur\u2013 \u015f\u00f6yle diyor: \u2018RAB benim, ba\u015fkas\u0131 yok.\u2019\u201d (Tevrat, Ye\u015faya 45:18)<\/li>\n<li><strong>Sa\u011fl\u0131kl\u0131 ya\u015famaya te\u015fvik ederiz.<\/strong><span>&nbsp;<\/span><span>Tanr\u0131\u2019n\u0131n Tevrat ve \u0130ncil\u2019deki do\u011frudan buyru\u011funa uyarak alkolden ve domuz gibi yasak g\u0131dalardan sak\u0131n\u0131r\u0131z.<\/span><\/li>\n<\/ul>","protected":false},"excerpt":{"rendered":"<p>We are a group of believers who follow the life and teaching of our Master, Isa Al-Masih. &#8220;Not all of them are alike: of the people of the Book are a portion that stand (for the right) . . . They believe in God and the last day; they enjoin what is right, and forbid what is wrong; and they hasten (in emulation) in (all) good works: they are in the ranks of the righteous.&#8221; (Al-Imran 3:113-114) The Holy Injil [&hellip;]<\/p>\n","protected":false},"author":2,"featured_media":0,"parent":0,"menu_order":0,"comment_status":"closed","ping_status":"closed","template":"","meta":{"_monsterinsights_skip_tracking":false,"_monsterinsights_sitenote_active":false,"_monsterinsights_sitenote_note":"","_monsterinsights_sitenote_category":0,"footnotes":""},"class_list":["post-571","page","type-page","status-publish","hentry"],"yoast_head":"<!-- This site is optimized with the Yoast SEO plugin v27.3 - https:\/\/yoast.com\/product\/yoast-seo-wordpress\/ -->\n<title>About Us - Dreams of Isa Al-Masih<\/title>\n<meta name=\"description\" content=\"Have you had dream(s) of a Man in White? Did He call you to follow Him? For centuries, God (Allah) has spoken to people through dreams and visions.\u200b Contact us about your dream. We will help you.\" \/>\n<meta name=\"robots\" content=\"index, follow, max-snippet:-1, max-image-preview:large, max-video-preview:-1\" \/>\n<link rel=\"canonical\" href=\"https:\/\/dreamsofisa.org\/tr\/about-us\/\" \/>\n<meta property=\"og:locale\" content=\"tr_TR\" \/>\n<meta property=\"og:type\" content=\"article\" \/>\n<meta property=\"og:title\" content=\"About Us - Dreams of Isa Al-Masih\" \/>\n<meta property=\"og:description\" content=\"Have you had dream(s) of a Man in White? Did He call you to follow Him? For centuries, God (Allah) has spoken to people through dreams and visions.\u200b Contact us about your dream. We will help you.\" \/>\n<meta property=\"og:url\" content=\"https:\/\/dreamsofisa.org\/tr\/about-us\/\" \/>\n<meta property=\"og:site_name\" content=\"Dreams of Isa Al-Masih\" \/>\n<meta property=\"article:publisher\" content=\"https:\/\/www.facebook.com\/dreamsofisa\/%2c%20https%3a\/\/www.facebook.com\/isa.ruyalari\" \/>\n<meta property=\"article:modified_time\" content=\"2019-04-23T13:45:12+00:00\" \/>\n<meta name=\"twitter:card\" content=\"summary_large_image\" \/>\n<meta name=\"twitter:label1\" content=\"Tahmini okuma s\u00fcresi\" \/>\n\t<meta name=\"twitter:data1\" content=\"2 dakika\" \/>\n<script type=\"application\/ld+json\" class=\"yoast-schema-graph\">{\"@context\":\"https:\\\/\\\/schema.org\",\"@graph\":[{\"@type\":\"WebPage\",\"@id\":\"https:\\\/\\\/dreamsofisa.org\\\/about-us\\\/\",\"url\":\"https:\\\/\\\/dreamsofisa.org\\\/about-us\\\/\",\"name\":\"About Us - Dreams of Isa Al-Masih\",\"isPartOf\":{\"@id\":\"http:\\\/\\\/dreamsofisa.org\\\/es\\\/#website\"},\"datePublished\":\"2018-05-02T15:35:39+00:00\",\"dateModified\":\"2019-04-23T13:45:12+00:00\",\"description\":\"Have you had dream(s) of a Man in White? Did He call you to follow Him? For centuries, God (Allah) has spoken to people through dreams and visions.\u200b Contact us about your dream. We will help you.\",\"breadcrumb\":{\"@id\":\"https:\\\/\\\/dreamsofisa.org\\\/about-us\\\/#breadcrumb\"},\"inLanguage\":\"tr\",\"potentialAction\":[{\"@type\":\"ReadAction\",\"target\":[\"https:\\\/\\\/dreamsofisa.org\\\/about-us\\\/\"]}]},{\"@type\":\"BreadcrumbList\",\"@id\":\"https:\\\/\\\/dreamsofisa.org\\\/about-us\\\/#breadcrumb\",\"itemListElement\":[{\"@type\":\"ListItem\",\"position\":1,\"name\":\"Home\",\"item\":\"https:\\\/\\\/dreamsofisa.org\\\/en\\\/\"},{\"@type\":\"ListItem\",\"position\":2,\"name\":\"About Us\"}]},{\"@type\":\"WebSite\",\"@id\":\"http:\\\/\\\/dreamsofisa.org\\\/es\\\/#website\",\"url\":\"http:\\\/\\\/dreamsofisa.org\\\/es\\\/\",\"name\":\"Dreams of Isa Al-Masih\",\"description\":\"\",\"publisher\":{\"@id\":\"http:\\\/\\\/dreamsofisa.org\\\/es\\\/#organization\"},\"potentialAction\":[{\"@type\":\"SearchAction\",\"target\":{\"@type\":\"EntryPoint\",\"urlTemplate\":\"http:\\\/\\\/dreamsofisa.org\\\/es\\\/?s={search_term_string}\"},\"query-input\":{\"@type\":\"PropertyValueSpecification\",\"valueRequired\":true,\"valueName\":\"search_term_string\"}}],\"inLanguage\":\"tr\"},{\"@type\":\"Organization\",\"@id\":\"http:\\\/\\\/dreamsofisa.org\\\/es\\\/#organization\",\"name\":\"Dreams of Isa\",\"url\":\"http:\\\/\\\/dreamsofisa.org\\\/es\\\/\",\"logo\":{\"@type\":\"ImageObject\",\"inLanguage\":\"tr\",\"@id\":\"http:\\\/\\\/dreamsofisa.org\\\/es\\\/#\\\/schema\\\/logo\\\/image\\\/\",\"url\":\"https:\\\/\\\/dreamsofisa.org\\\/wp-content\\\/uploads\\\/2018\\\/05\\\/logo-hand-blue-1.png\",\"contentUrl\":\"https:\\\/\\\/dreamsofisa.org\\\/wp-content\\\/uploads\\\/2018\\\/05\\\/logo-hand-blue-1.png\",\"width\":10342,\"height\":3872,\"caption\":\"Dreams of Isa\"},\"image\":{\"@id\":\"http:\\\/\\\/dreamsofisa.org\\\/es\\\/#\\\/schema\\\/logo\\\/image\\\/\"},\"sameAs\":[\"https:\\\/\\\/www.facebook.com\\\/dreamsofisa\\\/, https:\\\/\\\/www.facebook.com\\\/isa.ruyalari\",\"https:\\\/\\\/www.instagram.com\\\/dreamsofisa_\\\/, https:\\\/\\\/www.instagram.com\\\/isa_ruyalari\\\/\"]}]}<\/script>\n<!-- \/ Yoast SEO plugin. -->","yoast_head_json":{"title":"About Us - Dreams of Isa Al-Masih","description":"Have you had dream(s) of a Man in White? Did He call you to follow Him? For centuries, God (Allah) has spoken to people through dreams and visions.\u200b Contact us about your dream. We will help you.","robots":{"index":"index","follow":"follow","max-snippet":"max-snippet:-1","max-image-preview":"max-image-preview:large","max-video-preview":"max-video-preview:-1"},"canonical":"https:\/\/dreamsofisa.org\/tr\/about-us\/","og_locale":"tr_TR","og_type":"article","og_title":"About Us - Dreams of Isa Al-Masih","og_description":"Have you had dream(s) of a Man in White? Did He call you to follow Him? For centuries, God (Allah) has spoken to people through dreams and visions.\u200b Contact us about your dream. We will help you.","og_url":"https:\/\/dreamsofisa.org\/tr\/about-us\/","og_site_name":"Dreams of Isa Al-Masih","article_publisher":"https:\/\/www.facebook.com\/dreamsofisa\/%2c%20https%3a\/\/www.facebook.com\/isa.ruyalari","article_modified_time":"2019-04-23T13:45:12+00:00","twitter_card":"summary_large_image","twitter_misc":{"Tahmini okuma s\u00fcresi":"2 dakika"},"schema":{"@context":"https:\/\/schema.org","@graph":[{"@type":"WebPage","@id":"https:\/\/dreamsofisa.org\/about-us\/","url":"https:\/\/dreamsofisa.org\/about-us\/","name":"About Us - Dreams of Isa Al-Masih","isPartOf":{"@id":"http:\/\/dreamsofisa.org\/es\/#website"},"datePublished":"2018-05-02T15:35:39+00:00","dateModified":"2019-04-23T13:45:12+00:00","description":"Have you had dream(s) of a Man in White? Did He call you to follow Him? For centuries, God (Allah) has spoken to people through dreams and visions.\u200b Contact us about your dream. We will help you.","breadcrumb":{"@id":"https:\/\/dreamsofisa.org\/about-us\/#breadcrumb"},"inLanguage":"tr","potentialAction":[{"@type":"ReadAction","target":["https:\/\/dreamsofisa.org\/about-us\/"]}]},{"@type":"BreadcrumbList","@id":"https:\/\/dreamsofisa.org\/about-us\/#breadcrumb","itemListElement":[{"@type":"ListItem","position":1,"name":"Home","item":"https:\/\/dreamsofisa.org\/en\/"},{"@type":"ListItem","position":2,"name":"About Us"}]},{"@type":"WebSite","@id":"http:\/\/dreamsofisa.org\/es\/#website","url":"http:\/\/dreamsofisa.org\/es\/","name":"\u0130sa R\u00fcyalar\u0131","description":"","publisher":{"@id":"http:\/\/dreamsofisa.org\/es\/#organization"},"potentialAction":[{"@type":"SearchAction","target":{"@type":"EntryPoint","urlTemplate":"http:\/\/dreamsofisa.org\/es\/?s={search_term_string}"},"query-input":{"@type":"PropertyValueSpecification","valueRequired":true,"valueName":"search_term_string"}}],"inLanguage":"tr"},{"@type":"Organization","@id":"http:\/\/dreamsofisa.org\/es\/#organization","name":"\u0130sa R\u00fcyalar\u0131","url":"http:\/\/dreamsofisa.org\/es\/","logo":{"@type":"ImageObject","inLanguage":"tr","@id":"http:\/\/dreamsofisa.org\/es\/#\/schema\/logo\/image\/","url":"https:\/\/dreamsofisa.org\/wp-content\/uploads\/2018\/05\/logo-hand-blue-1.png","contentUrl":"https:\/\/dreamsofisa.org\/wp-content\/uploads\/2018\/05\/logo-hand-blue-1.png","width":10342,"height":3872,"caption":"Dreams of Isa"},"image":{"@id":"http:\/\/dreamsofisa.org\/es\/#\/schema\/logo\/image\/"},"sameAs":["https:\/\/www.facebook.com\/dreamsofisa\/, https:\/\/www.facebook.com\/isa.ruyalari","https:\/\/www.instagram.com\/dreamsofisa_\/, https:\/\/www.instagram.com\/isa_ruyalari\/"]}]}},"_links":{"self":[{"href":"https:\/\/dreamsofisa.org\/tr\/wp-json\/wp\/v2\/pages\/571","targetHints":{"allow":["GET"]}}],"collection":[{"href":"https:\/\/dreamsofisa.org\/tr\/wp-json\/wp\/v2\/pages"}],"about":[{"href":"https:\/\/dreamsofisa.org\/tr\/wp-json\/wp\/v2\/types\/page"}],"author":[{"embeddable":true,"href":"https:\/\/dreamsofisa.org\/tr\/wp-json\/wp\/v2\/users\/2"}],"replies":[{"embeddable":true,"href":"https:\/\/dreamsofisa.org\/tr\/wp-json\/wp\/v2\/comments?post=571"}],"version-history":[{"count":10,"href":"https:\/\/dreamsofisa.org\/tr\/wp-json\/wp\/v2\/pages\/571\/revisions"}],"predecessor-version":[{"id":2174,"href":"https:\/\/dreamsofisa.org\/tr\/wp-json\/wp\/v2\/pages\/571\/revisions\/2174"}],"wp:attachment":[{"href":"https:\/\/dreamsofisa.org\/tr\/wp-json\/wp\/v2\/media?parent=571"}],"curies":[{"name":"wp","href":"https:\/\/api.w.org\/{rel}","templated":true}]}}