{"id":571,"date":"2018-05-02T15:35:39","date_gmt":"2018-05-02T15:35:39","guid":{"rendered":"http:\/\/dreamsofisa.org\/?page_id=571"},"modified":"2019-04-23T13:45:12","modified_gmt":"2019-04-23T13:45:12","slug":"about-us","status":"publish","type":"page","link":"https:\/\/dreamsofisa.org\/pt\/about-us\/","title":{"rendered":"Sobre N\u00f3s"},"content":{"rendered":"<p><strong>Somos um grupo de crentes que seguem a vida e o ensinamento de nosso Mestre Isa Al-Masih.<\/strong><\/p>\n<p><em>\u201cNem todos s\u00e3o parecidos: as pessoas do Livro s\u00e3o uma parte que permanece (pela direita) [...] Eles acreditam em Deus e no \u00faltimo dia; eles ordenam o que \u00e9 certo e pro\u00edbem o que \u00e9 errado; e eles apressam (em emula\u00e7\u00e3o) em (todas) as boas obras: eles est\u00e3o nas fileiras dos justos.\"<\/em> (\u00c1al 'Imran 3:113-114)<\/p>\n<p><span>O Santo Injil descreve um povo especial e os chama de \"O Remanescente\".<\/span><\/p>\n<ul>\n<li class=\"translation-block\">Seguimos todos os mandamentos e leis dados por Deus e Seus profetas que est\u00e3o registrados no Tor\u00e1, Zabor e Injil.<\/li>\n<li><strong>N\u00f3s observamos o S\u00e1bado.<\/strong>O s\u00e9timo dia da semana como o dia da adora\u00e7\u00e3o. \u201cAssim os c\u00e9us e a terra foram completados em toda a sua vasta gama. No s\u00e9timo dia, Deus terminou o trabalho que estava realizando; assim no s\u00e9timo dia Ele descansou de toda a Sua obra. Ent\u00e3o Deus aben\u00e7oou o s\u00e9timo dia e o santificou, porque nele descansou de toda a obra de cria\u00e7\u00e3o que Ele havia feito\" (Tor\u00e1, G\u00eanesis 2: 1-3). \u201cLembre-se do dia de s\u00e1bado, mantendo-o sagrado. Seis dias trabalhar\u00e1s e far\u00e1s todo o teu trabalho, mas o s\u00e9timo dia \u00e9 o s\u00e1bado do Senhor teu Deus. Nela n\u00e3o far\u00e1s nenhuma obra, nem tu, nem teu filho nem filha, nem teu servo nem serva, nem teus animais, nem estrangeiro residente nas vossas cidades. Porque em seis dias fez o Senhor os c\u00e9us e a terra, o mar e tudo o que neles h\u00e1 e, ao s\u00e9timo dia, descansou. Portanto, o Senhor aben\u00e7oou o dia de s\u00e1bado e o santificou\" (Tor\u00e1, \u00caxodo 20: 8-11). E \u201cSe voc\u00ea impede que seus p\u00e9s quebrem o s\u00e1bado e fa\u00e7am o que quiserem no meu dia sagrado, se voc\u00ea chamar o s\u00e1bado de prazer e de honrar o santo dia do Senhor, e se voc\u00ea honr\u00e1-lo por n\u00e3o seguir o seu pr\u00f3prio caminho e n\u00e3o fazer como voc\u00ea quiser ou falando palavras ociosas\" (Tor\u00e1, Isa\u00edas 58:13).<\/li>\n<li><strong>N\u00f3s adoramos apenas Um Deus<\/strong>\u201cPois \u00e9 isso que o Senhor diz: Aquele que criou os c\u00e9us \u00e9 Deus; Aquele que formou e fez a terra, Ele a fundou; Ele n\u00e3o o criou para ser vazio, mas o formou para ser habitado - Ele diz: \"Eu sou o Senhor, e n\u00e3o h\u00e1 outro\" (Tor\u00e1, Isa\u00edas 45:18).<\/li>\n<li><strong>Incentivamos a uma Vida Saud\u00e1vel.<\/strong><span>&nbsp;<\/span><span>Abster-se de beber \u00e1lcool e comer comida ilegal como porco seguindo a instru\u00e7\u00e3o direta de All\u00e1h no Tor\u00e1 e no Injil.<\/span><\/li>\n<\/ul>","protected":false},"excerpt":{"rendered":"<p>We are a group of believers who follow the life and teaching of our Master, Isa Al-Masih. &#8220;Not all of them are alike: of the people of the Book are a portion that stand (for the right) . . . They believe in God and the last day; they enjoin what is right, and forbid what is wrong; and they hasten (in emulation) in (all) good works: they are in the ranks of the righteous.&#8221; (Al-Imran 3:113-114) The Holy Injil [&hellip;]<\/p>\n","protected":false},"author":2,"featured_media":0,"parent":0,"menu_order":0,"comment_status":"closed","ping_status":"closed","template":"","meta":{"_monsterinsights_skip_tracking":false,"_monsterinsights_sitenote_active":false,"_monsterinsights_sitenote_note":"","_monsterinsights_sitenote_category":0,"footnotes":""},"class_list":["post-571","page","type-page","status-publish","hentry"],"yoast_head":"<!-- This site is optimized with the Yoast SEO plugin v27.3 - https:\/\/yoast.com\/product\/yoast-seo-wordpress\/ -->\n<title>About Us - Dreams of Isa Al-Masih<\/title>\n<meta name=\"description\" content=\"Have you had dream(s) of a Man in White? Did He call you to follow Him? For centuries, God (Allah) has spoken to people through dreams and visions.\u200b Contact us about your dream. We will help you.\" \/>\n<meta name=\"robots\" content=\"index, follow, max-snippet:-1, max-image-preview:large, max-video-preview:-1\" \/>\n<link rel=\"canonical\" href=\"https:\/\/dreamsofisa.org\/pt\/about-us\/\" \/>\n<meta property=\"og:locale\" content=\"pt_BR\" \/>\n<meta property=\"og:type\" content=\"article\" \/>\n<meta property=\"og:title\" content=\"About Us - Dreams of Isa Al-Masih\" \/>\n<meta property=\"og:description\" content=\"Have you had dream(s) of a Man in White? Did He call you to follow Him? For centuries, God (Allah) has spoken to people through dreams and visions.\u200b Contact us about your dream. We will help you.\" \/>\n<meta property=\"og:url\" content=\"https:\/\/dreamsofisa.org\/pt\/about-us\/\" \/>\n<meta property=\"og:site_name\" content=\"Dreams of Isa Al-Masih\" \/>\n<meta property=\"article:publisher\" content=\"https:\/\/www.facebook.com\/dreamsofisa\/%2c%20https%3a\/\/www.facebook.com\/isa.ruyalari\" \/>\n<meta property=\"article:modified_time\" content=\"2019-04-23T13:45:12+00:00\" \/>\n<meta name=\"twitter:card\" content=\"summary_large_image\" \/>\n<meta name=\"twitter:label1\" content=\"Est. tempo de leitura\" \/>\n\t<meta name=\"twitter:data1\" content=\"2 minutos\" \/>\n<script type=\"application\/ld+json\" class=\"yoast-schema-graph\">{\"@context\":\"https:\\\/\\\/schema.org\",\"@graph\":[{\"@type\":\"WebPage\",\"@id\":\"https:\\\/\\\/dreamsofisa.org\\\/about-us\\\/\",\"url\":\"https:\\\/\\\/dreamsofisa.org\\\/about-us\\\/\",\"name\":\"About Us - Dreams of Isa Al-Masih\",\"isPartOf\":{\"@id\":\"http:\\\/\\\/dreamsofisa.org\\\/es\\\/#website\"},\"datePublished\":\"2018-05-02T15:35:39+00:00\",\"dateModified\":\"2019-04-23T13:45:12+00:00\",\"description\":\"Have you had dream(s) of a Man in White? Did He call you to follow Him? For centuries, God (Allah) has spoken to people through dreams and visions.\u200b Contact us about your dream. We will help you.\",\"breadcrumb\":{\"@id\":\"https:\\\/\\\/dreamsofisa.org\\\/about-us\\\/#breadcrumb\"},\"inLanguage\":\"pt-BR\",\"potentialAction\":[{\"@type\":\"ReadAction\",\"target\":[\"https:\\\/\\\/dreamsofisa.org\\\/about-us\\\/\"]}]},{\"@type\":\"BreadcrumbList\",\"@id\":\"https:\\\/\\\/dreamsofisa.org\\\/about-us\\\/#breadcrumb\",\"itemListElement\":[{\"@type\":\"ListItem\",\"position\":1,\"name\":\"Home\",\"item\":\"https:\\\/\\\/dreamsofisa.org\\\/en\\\/\"},{\"@type\":\"ListItem\",\"position\":2,\"name\":\"About Us\"}]},{\"@type\":\"WebSite\",\"@id\":\"http:\\\/\\\/dreamsofisa.org\\\/es\\\/#website\",\"url\":\"http:\\\/\\\/dreamsofisa.org\\\/es\\\/\",\"name\":\"Dreams of Isa Al-Masih\",\"description\":\"\",\"publisher\":{\"@id\":\"http:\\\/\\\/dreamsofisa.org\\\/es\\\/#organization\"},\"potentialAction\":[{\"@type\":\"SearchAction\",\"target\":{\"@type\":\"EntryPoint\",\"urlTemplate\":\"http:\\\/\\\/dreamsofisa.org\\\/es\\\/?s={search_term_string}\"},\"query-input\":{\"@type\":\"PropertyValueSpecification\",\"valueRequired\":true,\"valueName\":\"search_term_string\"}}],\"inLanguage\":\"pt-BR\"},{\"@type\":\"Organization\",\"@id\":\"http:\\\/\\\/dreamsofisa.org\\\/es\\\/#organization\",\"name\":\"Dreams of Isa\",\"url\":\"http:\\\/\\\/dreamsofisa.org\\\/es\\\/\",\"logo\":{\"@type\":\"ImageObject\",\"inLanguage\":\"pt-BR\",\"@id\":\"http:\\\/\\\/dreamsofisa.org\\\/es\\\/#\\\/schema\\\/logo\\\/image\\\/\",\"url\":\"https:\\\/\\\/dreamsofisa.org\\\/wp-content\\\/uploads\\\/2018\\\/05\\\/logo-hand-blue-1.png\",\"contentUrl\":\"https:\\\/\\\/dreamsofisa.org\\\/wp-content\\\/uploads\\\/2018\\\/05\\\/logo-hand-blue-1.png\",\"width\":10342,\"height\":3872,\"caption\":\"Dreams of Isa\"},\"image\":{\"@id\":\"http:\\\/\\\/dreamsofisa.org\\\/es\\\/#\\\/schema\\\/logo\\\/image\\\/\"},\"sameAs\":[\"https:\\\/\\\/www.facebook.com\\\/dreamsofisa\\\/, https:\\\/\\\/www.facebook.com\\\/isa.ruyalari\",\"https:\\\/\\\/www.instagram.com\\\/dreamsofisa_\\\/, https:\\\/\\\/www.instagram.com\\\/isa_ruyalari\\\/\"]}]}<\/script>\n<!-- \/ Yoast SEO plugin. -->","yoast_head_json":{"title":"About Us - Dreams of Isa Al-Masih","description":"Voc\u00ea j\u00e1 teve sonho (s) de um homem em branco? Ele te chamou para segui-lo? Durante s\u00e9culos, Deus (All\u00e1h) falou \u00e0s pessoas atrav\u00e9s de sonhos e vis\u00f5es.\nNos fale sobre o seu sonho. N\u00f3s iremos ajud\u00e1-lo.","robots":{"index":"index","follow":"follow","max-snippet":"max-snippet:-1","max-image-preview":"max-image-preview:large","max-video-preview":"max-video-preview:-1"},"canonical":"https:\/\/dreamsofisa.org\/pt\/about-us\/","og_locale":"pt_BR","og_type":"article","og_title":"About Us - Dreams of Isa Al-Masih","og_description":"Have you had dream(s) of a Man in White? Did He call you to follow Him? For centuries, God (Allah) has spoken to people through dreams and visions.\u200b Contact us about your dream. We will help you.","og_url":"https:\/\/dreamsofisa.org\/pt\/about-us\/","og_site_name":"Dreams of Isa Al-Masih","article_publisher":"https:\/\/www.facebook.com\/dreamsofisa\/%2c%20https%3a\/\/www.facebook.com\/isa.ruyalari","article_modified_time":"2019-04-23T13:45:12+00:00","twitter_card":"summary_large_image","twitter_misc":{"Est. tempo de leitura":"2 minutos"},"schema":{"@context":"https:\/\/schema.org","@graph":[{"@type":"WebPage","@id":"https:\/\/dreamsofisa.org\/about-us\/","url":"https:\/\/dreamsofisa.org\/about-us\/","name":"About Us - Dreams of Isa Al-Masih","isPartOf":{"@id":"http:\/\/dreamsofisa.org\/es\/#website"},"datePublished":"2018-05-02T15:35:39+00:00","dateModified":"2019-04-23T13:45:12+00:00","description":"Voc\u00ea j\u00e1 teve sonho (s) de um homem em branco? Ele te chamou para segui-lo? Durante s\u00e9culos, Deus (All\u00e1h) falou \u00e0s pessoas atrav\u00e9s de sonhos e vis\u00f5es.\nNos fale sobre o seu sonho. N\u00f3s iremos ajud\u00e1-lo.","breadcrumb":{"@id":"https:\/\/dreamsofisa.org\/about-us\/#breadcrumb"},"inLanguage":"pt-BR","potentialAction":[{"@type":"ReadAction","target":["https:\/\/dreamsofisa.org\/about-us\/"]}]},{"@type":"BreadcrumbList","@id":"https:\/\/dreamsofisa.org\/about-us\/#breadcrumb","itemListElement":[{"@type":"ListItem","position":1,"name":"Home","item":"https:\/\/dreamsofisa.org\/en\/"},{"@type":"ListItem","position":2,"name":"About Us"}]},{"@type":"WebSite","@id":"http:\/\/dreamsofisa.org\/es\/#website","url":"http:\/\/dreamsofisa.org\/es\/","name":"Dreams of Isa Al-Masih","description":"","publisher":{"@id":"http:\/\/dreamsofisa.org\/es\/#organization"},"potentialAction":[{"@type":"SearchAction","target":{"@type":"EntryPoint","urlTemplate":"http:\/\/dreamsofisa.org\/es\/?s={search_term_string}"},"query-input":{"@type":"PropertyValueSpecification","valueRequired":true,"valueName":"search_term_string"}}],"inLanguage":"pt-BR"},{"@type":"Organization","@id":"http:\/\/dreamsofisa.org\/es\/#organization","name":"Sonhos de Isa","url":"http:\/\/dreamsofisa.org\/es\/","logo":{"@type":"ImageObject","inLanguage":"pt-BR","@id":"http:\/\/dreamsofisa.org\/es\/#\/schema\/logo\/image\/","url":"https:\/\/dreamsofisa.org\/wp-content\/uploads\/2018\/05\/logo-hand-blue-1.png","contentUrl":"https:\/\/dreamsofisa.org\/wp-content\/uploads\/2018\/05\/logo-hand-blue-1.png","width":10342,"height":3872,"caption":"Dreams of Isa"},"image":{"@id":"http:\/\/dreamsofisa.org\/es\/#\/schema\/logo\/image\/"},"sameAs":["https:\/\/www.facebook.com\/dreamsofisa\/, https:\/\/www.facebook.com\/isa.ruyalari","https:\/\/www.instagram.com\/dreamsofisa_\/, https:\/\/www.instagram.com\/isa_ruyalari\/"]}]}},"_links":{"self":[{"href":"https:\/\/dreamsofisa.org\/pt\/wp-json\/wp\/v2\/pages\/571","targetHints":{"allow":["GET"]}}],"collection":[{"href":"https:\/\/dreamsofisa.org\/pt\/wp-json\/wp\/v2\/pages"}],"about":[{"href":"https:\/\/dreamsofisa.org\/pt\/wp-json\/wp\/v2\/types\/page"}],"author":[{"embeddable":true,"href":"https:\/\/dreamsofisa.org\/pt\/wp-json\/wp\/v2\/users\/2"}],"replies":[{"embeddable":true,"href":"https:\/\/dreamsofisa.org\/pt\/wp-json\/wp\/v2\/comments?post=571"}],"version-history":[{"count":10,"href":"https:\/\/dreamsofisa.org\/pt\/wp-json\/wp\/v2\/pages\/571\/revisions"}],"predecessor-version":[{"id":2174,"href":"https:\/\/dreamsofisa.org\/pt\/wp-json\/wp\/v2\/pages\/571\/revisions\/2174"}],"wp:attachment":[{"href":"https:\/\/dreamsofisa.org\/pt\/wp-json\/wp\/v2\/media?parent=571"}],"curies":[{"name":"wp","href":"https:\/\/api.w.org\/{rel}","templated":true}]}}