{"id":571,"date":"2018-05-02T15:35:39","date_gmt":"2018-05-02T15:35:39","guid":{"rendered":"http:\/\/dreamsofisa.org\/?page_id=571"},"modified":"2019-04-23T13:45:12","modified_gmt":"2019-04-23T13:45:12","slug":"about-us","status":"publish","type":"page","link":"https:\/\/dreamsofisa.org\/fr\/about-us\/","title":{"rendered":"Qui Sommes-Nous"},"content":{"rendered":"<p><strong>Nous sommes un groupe de croyants qui suivent la vie et l'enseignement de notre Ma\u00eetre, Isa Al-Masih.<\/strong><\/p>\n<p><em>\"Tous ne sont pas identiques : parmi les gens du Livre, il y a une partie qui se tient (pour ce qui est juste)... Ils croient en Dieu et au jour dernier ; ils enjoignent le bien et interdisent le mal ; et ils se h\u00e2tent dans les bonnes oeuvres : ils sont dans le rang des justes\"<\/em> (Al-Imran 3:113-114).<\/p>\n<p><span>Le Saint Injil d\u00e9crit un peuple sp\u00e9cial et l'appelle \"Le Reste\".<\/span><\/p>\n<ul>\n<li class=\"translation-block\">Nous suivons tous les commandements et les lois donn\u00e9s par Dieu et ses proph\u00e8tes, qui sont consign\u00e9s dans le Tawrat, le Zabor et l'Injil.<\/li>\n<li><strong>Nous observons le sabbat<\/strong>, le septi\u00e8me jour de la semaine, comme le jour saint de l'adoration. \"Ainsi furent achev\u00e9s les cieux et la terre dans toute leur \u00e9tendue. Au septi\u00e8me jour, Dieu avait achev\u00e9 l'oeuvre qu'Il avait accomplie ; ainsi, le septi\u00e8me jour, Il se reposa de toute Son oeuvre. Puis Dieu b\u00e9nit le septi\u00e8me jour et le rendit saint, car c'est en ce jour Il se reposa de toute l'\u0153uvre de cr\u00e9ation qu'Il avait accomplie.\" (Tawrat Gen\u00e8se 2:1-3). \"Souvenez-vous du jour du sabbat en le gardant saint. Pendant six jours, tu travailleras et feras tout ton travail, mais le septi\u00e8me jour est un sabbat pour l'\u00c9ternel, ton Dieu. Tu n'y feras aucun travail, ni toi, ni ton fils ou ta fille, ni ton serviteur ou ta servante, ni tes animaux, ni aucun \u00e9tranger r\u00e9sidant dans tes villes. Car en six jours l'\u00c9ternel a fait les cieux, la terre, la mer et tout ce qui s'y trouve, mais il s'est repos\u00e9 le septi\u00e8me jour. C'est pourquoi l'\u00c9ternel a b\u00e9ni le jour du sabbat et l'a sanctifi\u00e9\". (Tawrat Exode 20:8-11). Et \"Si tu retiens ton pied pendant le Sabbat, pour ne pas faire ta volont\u00e9 en mon saint jour, si tu fais du sabbat tes d\u00e9lices pour sanctifier l\u2019\u00c9ternel en le glorifiant et si tu l'honores en ne suivant pas tes propres voies et en ne te livrant pas \u00e0 tes penchants et \u00e0 de vains discours\" (Tawrat Esa\u00efe 58:13).<\/li>\n<li><strong>Nous adorons un seul Dieu<\/strong>. \"Car voici ce que dit l'\u00c9ternel : \"Celui qui a cr\u00e9\u00e9 les cieux, c'est lui qui est Dieu ; celui qui a fa\u00e7onn\u00e9 et fait la terre, c'est lui qui l'a fond\u00e9e ; il ne l'a pas cr\u00e9\u00e9e vide, mais il l'a form\u00e9e pour qu'elle soit habit\u00e9e - Il dit : \"Je suis l'\u00c9ternel, et il n'y en a pas d'autre\" (Tawrat Isa\u00efe 45:18).<\/li>\n<li><strong>Nous encourageons une vie saine<\/strong><span>&nbsp;<\/span><span>. Nous nous abstenons de boire de l'alcool et de manger des aliments ill\u00e9gaux comme le porc, conform\u00e9ment aux instructions directes d'Allah dans le Tawrat et l'Injil.<\/span><\/li>\n<\/ul>","protected":false},"excerpt":{"rendered":"<p>We are a group of believers who follow the life and teaching of our Master, Isa Al-Masih. &#8220;Not all of them are alike: of the people of the Book are a portion that stand (for the right) . . . They believe in God and the last day; they enjoin what is right, and forbid what is wrong; and they hasten (in emulation) in (all) good works: they are in the ranks of the righteous.&#8221; (Al-Imran 3:113-114) The Holy Injil [&hellip;]<\/p>\n","protected":false},"author":2,"featured_media":0,"parent":0,"menu_order":0,"comment_status":"closed","ping_status":"closed","template":"","meta":{"_monsterinsights_skip_tracking":false,"_monsterinsights_sitenote_active":false,"_monsterinsights_sitenote_note":"","_monsterinsights_sitenote_category":0,"footnotes":""},"class_list":["post-571","page","type-page","status-publish","hentry"],"yoast_head":"<!-- This site is optimized with the Yoast SEO plugin v27.3 - https:\/\/yoast.com\/product\/yoast-seo-wordpress\/ -->\n<title>About Us - Dreams of Isa Al-Masih<\/title>\n<meta name=\"description\" content=\"Have you had dream(s) of a Man in White? Did He call you to follow Him? For centuries, God (Allah) has spoken to people through dreams and visions.\u200b Contact us about your dream. We will help you.\" \/>\n<meta name=\"robots\" content=\"index, follow, max-snippet:-1, max-image-preview:large, max-video-preview:-1\" \/>\n<link rel=\"canonical\" href=\"https:\/\/dreamsofisa.org\/fr\/about-us\/\" \/>\n<meta property=\"og:locale\" content=\"fr_FR\" \/>\n<meta property=\"og:type\" content=\"article\" \/>\n<meta property=\"og:title\" content=\"About Us - Dreams of Isa Al-Masih\" \/>\n<meta property=\"og:description\" content=\"Have you had dream(s) of a Man in White? Did He call you to follow Him? For centuries, God (Allah) has spoken to people through dreams and visions.\u200b Contact us about your dream. We will help you.\" \/>\n<meta property=\"og:url\" content=\"https:\/\/dreamsofisa.org\/fr\/about-us\/\" \/>\n<meta property=\"og:site_name\" content=\"Dreams of Isa Al-Masih\" \/>\n<meta property=\"article:publisher\" content=\"https:\/\/www.facebook.com\/dreamsofisa\/%2c%20https%3a\/\/www.facebook.com\/isa.ruyalari\" \/>\n<meta property=\"article:modified_time\" content=\"2019-04-23T13:45:12+00:00\" \/>\n<meta name=\"twitter:card\" content=\"summary_large_image\" \/>\n<meta name=\"twitter:label1\" content=\"Dur\u00e9e de lecture estim\u00e9e\" \/>\n\t<meta name=\"twitter:data1\" content=\"2 minutes\" \/>\n<script type=\"application\/ld+json\" class=\"yoast-schema-graph\">{\"@context\":\"https:\\\/\\\/schema.org\",\"@graph\":[{\"@type\":\"WebPage\",\"@id\":\"https:\\\/\\\/dreamsofisa.org\\\/about-us\\\/\",\"url\":\"https:\\\/\\\/dreamsofisa.org\\\/about-us\\\/\",\"name\":\"About Us - Dreams of Isa Al-Masih\",\"isPartOf\":{\"@id\":\"http:\\\/\\\/dreamsofisa.org\\\/es\\\/#website\"},\"datePublished\":\"2018-05-02T15:35:39+00:00\",\"dateModified\":\"2019-04-23T13:45:12+00:00\",\"description\":\"Have you had dream(s) of a Man in White? Did He call you to follow Him? For centuries, God (Allah) has spoken to people through dreams and visions.\u200b Contact us about your dream. We will help you.\",\"breadcrumb\":{\"@id\":\"https:\\\/\\\/dreamsofisa.org\\\/about-us\\\/#breadcrumb\"},\"inLanguage\":\"fr-FR\",\"potentialAction\":[{\"@type\":\"ReadAction\",\"target\":[\"https:\\\/\\\/dreamsofisa.org\\\/about-us\\\/\"]}]},{\"@type\":\"BreadcrumbList\",\"@id\":\"https:\\\/\\\/dreamsofisa.org\\\/about-us\\\/#breadcrumb\",\"itemListElement\":[{\"@type\":\"ListItem\",\"position\":1,\"name\":\"Home\",\"item\":\"https:\\\/\\\/dreamsofisa.org\\\/en\\\/\"},{\"@type\":\"ListItem\",\"position\":2,\"name\":\"About Us\"}]},{\"@type\":\"WebSite\",\"@id\":\"http:\\\/\\\/dreamsofisa.org\\\/es\\\/#website\",\"url\":\"http:\\\/\\\/dreamsofisa.org\\\/es\\\/\",\"name\":\"Dreams of Isa Al-Masih\",\"description\":\"\",\"publisher\":{\"@id\":\"http:\\\/\\\/dreamsofisa.org\\\/es\\\/#organization\"},\"potentialAction\":[{\"@type\":\"SearchAction\",\"target\":{\"@type\":\"EntryPoint\",\"urlTemplate\":\"http:\\\/\\\/dreamsofisa.org\\\/es\\\/?s={search_term_string}\"},\"query-input\":{\"@type\":\"PropertyValueSpecification\",\"valueRequired\":true,\"valueName\":\"search_term_string\"}}],\"inLanguage\":\"fr-FR\"},{\"@type\":\"Organization\",\"@id\":\"http:\\\/\\\/dreamsofisa.org\\\/es\\\/#organization\",\"name\":\"Dreams of Isa\",\"url\":\"http:\\\/\\\/dreamsofisa.org\\\/es\\\/\",\"logo\":{\"@type\":\"ImageObject\",\"inLanguage\":\"fr-FR\",\"@id\":\"http:\\\/\\\/dreamsofisa.org\\\/es\\\/#\\\/schema\\\/logo\\\/image\\\/\",\"url\":\"https:\\\/\\\/dreamsofisa.org\\\/wp-content\\\/uploads\\\/2018\\\/05\\\/logo-hand-blue-1.png\",\"contentUrl\":\"https:\\\/\\\/dreamsofisa.org\\\/wp-content\\\/uploads\\\/2018\\\/05\\\/logo-hand-blue-1.png\",\"width\":10342,\"height\":3872,\"caption\":\"Dreams of Isa\"},\"image\":{\"@id\":\"http:\\\/\\\/dreamsofisa.org\\\/es\\\/#\\\/schema\\\/logo\\\/image\\\/\"},\"sameAs\":[\"https:\\\/\\\/www.facebook.com\\\/dreamsofisa\\\/, https:\\\/\\\/www.facebook.com\\\/isa.ruyalari\",\"https:\\\/\\\/www.instagram.com\\\/dreamsofisa_\\\/, https:\\\/\\\/www.instagram.com\\\/isa_ruyalari\\\/\"]}]}<\/script>\n<!-- \/ Yoast SEO plugin. -->","yoast_head_json":{"title":"About Us - Dreams of Isa Al-Masih","description":"Avez-vous r\u00eav\u00e9 d'un homme en blanc? Vous a-t-il appel\u00e9 \u00e0 le suivre? Pendant des si\u00e8cles, Dieu (Allah) a parl\u00e9 aux gens \u00e0 travers des r\u00eaves et des visions. Contactez-nous \u00e0 propos de votre r\u00eave. Nous allons t'aider.","robots":{"index":"index","follow":"follow","max-snippet":"max-snippet:-1","max-image-preview":"max-image-preview:large","max-video-preview":"max-video-preview:-1"},"canonical":"https:\/\/dreamsofisa.org\/fr\/about-us\/","og_locale":"fr_FR","og_type":"article","og_title":"About Us - Dreams of Isa Al-Masih","og_description":"Have you had dream(s) of a Man in White? Did He call you to follow Him? For centuries, God (Allah) has spoken to people through dreams and visions.\u200b Contact us about your dream. We will help you.","og_url":"https:\/\/dreamsofisa.org\/fr\/about-us\/","og_site_name":"Dreams of Isa Al-Masih","article_publisher":"https:\/\/www.facebook.com\/dreamsofisa\/%2c%20https%3a\/\/www.facebook.com\/isa.ruyalari","article_modified_time":"2019-04-23T13:45:12+00:00","twitter_card":"summary_large_image","twitter_misc":{"Dur\u00e9e de lecture estim\u00e9e":"2 minutes"},"schema":{"@context":"https:\/\/schema.org","@graph":[{"@type":"WebPage","@id":"https:\/\/dreamsofisa.org\/about-us\/","url":"https:\/\/dreamsofisa.org\/about-us\/","name":"About Us - Dreams of Isa Al-Masih","isPartOf":{"@id":"http:\/\/dreamsofisa.org\/es\/#website"},"datePublished":"2018-05-02T15:35:39+00:00","dateModified":"2019-04-23T13:45:12+00:00","description":"Avez-vous r\u00eav\u00e9 d'un homme en blanc? Vous a-t-il appel\u00e9 \u00e0 le suivre? Pendant des si\u00e8cles, Dieu (Allah) a parl\u00e9 aux gens \u00e0 travers des r\u00eaves et des visions. Contactez-nous \u00e0 propos de votre r\u00eave. Nous allons t'aider.","breadcrumb":{"@id":"https:\/\/dreamsofisa.org\/about-us\/#breadcrumb"},"inLanguage":"fr-FR","potentialAction":[{"@type":"ReadAction","target":["https:\/\/dreamsofisa.org\/about-us\/"]}]},{"@type":"BreadcrumbList","@id":"https:\/\/dreamsofisa.org\/about-us\/#breadcrumb","itemListElement":[{"@type":"ListItem","position":1,"name":"Home","item":"https:\/\/dreamsofisa.org\/en\/"},{"@type":"ListItem","position":2,"name":"About Us"}]},{"@type":"WebSite","@id":"http:\/\/dreamsofisa.org\/es\/#website","url":"http:\/\/dreamsofisa.org\/es\/","name":"Dreams of Isa Al-Masih","description":"","publisher":{"@id":"http:\/\/dreamsofisa.org\/es\/#organization"},"potentialAction":[{"@type":"SearchAction","target":{"@type":"EntryPoint","urlTemplate":"http:\/\/dreamsofisa.org\/es\/?s={search_term_string}"},"query-input":{"@type":"PropertyValueSpecification","valueRequired":true,"valueName":"search_term_string"}}],"inLanguage":"fr-FR"},{"@type":"Organization","@id":"http:\/\/dreamsofisa.org\/es\/#organization","name":"R\u00eaves d'Isa","url":"http:\/\/dreamsofisa.org\/es\/","logo":{"@type":"ImageObject","inLanguage":"fr-FR","@id":"http:\/\/dreamsofisa.org\/es\/#\/schema\/logo\/image\/","url":"https:\/\/dreamsofisa.org\/wp-content\/uploads\/2018\/05\/logo-hand-blue-1.png","contentUrl":"https:\/\/dreamsofisa.org\/wp-content\/uploads\/2018\/05\/logo-hand-blue-1.png","width":10342,"height":3872,"caption":"Dreams of Isa"},"image":{"@id":"http:\/\/dreamsofisa.org\/es\/#\/schema\/logo\/image\/"},"sameAs":["https:\/\/www.facebook.com\/dreamsofisa\/, https:\/\/www.facebook.com\/isa.ruyalari","https:\/\/www.instagram.com\/dreamsofisa_\/, https:\/\/www.instagram.com\/isa_ruyalari\/"]}]}},"_links":{"self":[{"href":"https:\/\/dreamsofisa.org\/fr\/wp-json\/wp\/v2\/pages\/571","targetHints":{"allow":["GET"]}}],"collection":[{"href":"https:\/\/dreamsofisa.org\/fr\/wp-json\/wp\/v2\/pages"}],"about":[{"href":"https:\/\/dreamsofisa.org\/fr\/wp-json\/wp\/v2\/types\/page"}],"author":[{"embeddable":true,"href":"https:\/\/dreamsofisa.org\/fr\/wp-json\/wp\/v2\/users\/2"}],"replies":[{"embeddable":true,"href":"https:\/\/dreamsofisa.org\/fr\/wp-json\/wp\/v2\/comments?post=571"}],"version-history":[{"count":10,"href":"https:\/\/dreamsofisa.org\/fr\/wp-json\/wp\/v2\/pages\/571\/revisions"}],"predecessor-version":[{"id":2174,"href":"https:\/\/dreamsofisa.org\/fr\/wp-json\/wp\/v2\/pages\/571\/revisions\/2174"}],"wp:attachment":[{"href":"https:\/\/dreamsofisa.org\/fr\/wp-json\/wp\/v2\/media?parent=571"}],"curies":[{"name":"wp","href":"https:\/\/api.w.org\/{rel}","templated":true}]}}