{"id":19,"date":"2018-04-27T13:57:18","date_gmt":"2018-04-27T13:57:18","guid":{"rendered":"http:\/\/dreamsofisa.org\/?page_id=19"},"modified":"2025-02-06T18:44:01","modified_gmt":"2025-02-06T23:44:01","slug":"contact-us","status":"publish","type":"page","link":"https:\/\/dreamsofisa.org\/fr\/contact-us\/","title":{"rendered":"Nous Contacter"},"content":{"rendered":"<p>Contactez-nous et nous vous r\u00e9pondrons d\u00e8s que possible. Nous avons h\u00e2te d'avoir de tes nouvelles!<\/p>\n<p>Email us at <a href=\"mailto:contact@dreamsofisa.org\">contact@dreamsofisa.org<\/a><\/p>\n\n\n<p style=\"font-size:9px\">This page uses reCAPTCHA to verify submissions. This is subject to the Google&nbsp;<a href=\"https:\/\/www.google.com\/policies\/privacy\/\" target=\"_blank\" rel=\"noreferrer noopener\">Privacy Policy<\/a>&nbsp;and&nbsp;<a href=\"https:\/\/www.google.com\/policies\/terms\/\" target=\"_blank\" rel=\"noreferrer noopener\">Terms of Use<\/a>.<\/p>","protected":false},"excerpt":{"rendered":"<p>Get in touch and we&#8217;ll get back to you as soon as we can. \u00a0We look forward to hearing from you! Email us at contact@dreamsofisa.org This page uses reCAPTCHA to verify submissions. This is subject to the Google&nbsp;Privacy Policy&nbsp;and&nbsp;Terms of Use.<\/p>","protected":false},"author":2,"featured_media":0,"parent":0,"menu_order":0,"comment_status":"open","ping_status":"closed","template":"","meta":{"_monsterinsights_skip_tracking":false,"_monsterinsights_sitenote_active":false,"_monsterinsights_sitenote_note":"","_monsterinsights_sitenote_category":0,"footnotes":""},"class_list":["post-19","page","type-page","status-publish","hentry"],"yoast_head":"<!-- This site is optimized with the Yoast SEO plugin v27.3 - https:\/\/yoast.com\/product\/yoast-seo-wordpress\/ -->\n<title>Contact Us - Dreams of Isa Al-Masih %<\/title>\n<meta name=\"description\" content=\"Get in touch and we&#039;ll get back to you as soon as we can. \u00a0We look forward to hearing from you!\" \/>\n<meta name=\"robots\" content=\"index, follow, max-snippet:-1, max-image-preview:large, max-video-preview:-1\" \/>\n<link rel=\"canonical\" href=\"https:\/\/dreamsofisa.org\/fr\/contact-us\/\" \/>\n<meta property=\"og:locale\" content=\"fr_FR\" \/>\n<meta property=\"og:type\" content=\"article\" \/>\n<meta property=\"og:title\" content=\"Contact Us - Dreams of Isa Al-Masih %\" \/>\n<meta property=\"og:description\" content=\"Get in touch and we&#039;ll get back to you as soon as we can. \u00a0We look forward to hearing from you!\" \/>\n<meta property=\"og:url\" content=\"https:\/\/dreamsofisa.org\/fr\/contact-us\/\" \/>\n<meta property=\"og:site_name\" content=\"Dreams of Isa Al-Masih\" \/>\n<meta property=\"article:publisher\" content=\"https:\/\/www.facebook.com\/dreamsofisa\/%2c%20https%3a\/\/www.facebook.com\/isa.ruyalari\" \/>\n<meta property=\"article:modified_time\" content=\"2025-02-06T23:44:01+00:00\" \/>\n<meta name=\"twitter:card\" content=\"summary_large_image\" \/>\n<meta name=\"twitter:label1\" content=\"Dur\u00e9e de lecture estim\u00e9e\" \/>\n\t<meta name=\"twitter:data1\" content=\"1 minute\" \/>\n<script type=\"application\/ld+json\" class=\"yoast-schema-graph\">{\"@context\":\"https:\\\/\\\/schema.org\",\"@graph\":[{\"@type\":\"WebPage\",\"@id\":\"https:\\\/\\\/dreamsofisa.org\\\/contact-us\\\/\",\"url\":\"https:\\\/\\\/dreamsofisa.org\\\/contact-us\\\/\",\"name\":\"Contact Us - Dreams of Isa Al-Masih %\",\"isPartOf\":{\"@id\":\"http:\\\/\\\/dreamsofisa.org\\\/es\\\/#website\"},\"datePublished\":\"2018-04-27T13:57:18+00:00\",\"dateModified\":\"2025-02-06T23:44:01+00:00\",\"description\":\"Get in touch and we'll get back to you as soon as we can. \u00a0We look forward to hearing from you!\",\"breadcrumb\":{\"@id\":\"https:\\\/\\\/dreamsofisa.org\\\/contact-us\\\/#breadcrumb\"},\"inLanguage\":\"fr-FR\",\"potentialAction\":[{\"@type\":\"ReadAction\",\"target\":[\"https:\\\/\\\/dreamsofisa.org\\\/contact-us\\\/\"]}]},{\"@type\":\"BreadcrumbList\",\"@id\":\"https:\\\/\\\/dreamsofisa.org\\\/contact-us\\\/#breadcrumb\",\"itemListElement\":[{\"@type\":\"ListItem\",\"position\":1,\"name\":\"Home\",\"item\":\"https:\\\/\\\/dreamsofisa.org\\\/en\\\/\"},{\"@type\":\"ListItem\",\"position\":2,\"name\":\"Contact Us\"}]},{\"@type\":\"WebSite\",\"@id\":\"http:\\\/\\\/dreamsofisa.org\\\/es\\\/#website\",\"url\":\"http:\\\/\\\/dreamsofisa.org\\\/es\\\/\",\"name\":\"Dreams of Isa Al-Masih\",\"description\":\"\",\"publisher\":{\"@id\":\"http:\\\/\\\/dreamsofisa.org\\\/es\\\/#organization\"},\"potentialAction\":[{\"@type\":\"SearchAction\",\"target\":{\"@type\":\"EntryPoint\",\"urlTemplate\":\"http:\\\/\\\/dreamsofisa.org\\\/es\\\/?s={search_term_string}\"},\"query-input\":{\"@type\":\"PropertyValueSpecification\",\"valueRequired\":true,\"valueName\":\"search_term_string\"}}],\"inLanguage\":\"fr-FR\"},{\"@type\":\"Organization\",\"@id\":\"http:\\\/\\\/dreamsofisa.org\\\/es\\\/#organization\",\"name\":\"Dreams of Isa\",\"url\":\"http:\\\/\\\/dreamsofisa.org\\\/es\\\/\",\"logo\":{\"@type\":\"ImageObject\",\"inLanguage\":\"fr-FR\",\"@id\":\"http:\\\/\\\/dreamsofisa.org\\\/es\\\/#\\\/schema\\\/logo\\\/image\\\/\",\"url\":\"https:\\\/\\\/dreamsofisa.org\\\/wp-content\\\/uploads\\\/2018\\\/05\\\/logo-hand-blue-1.png\",\"contentUrl\":\"https:\\\/\\\/dreamsofisa.org\\\/wp-content\\\/uploads\\\/2018\\\/05\\\/logo-hand-blue-1.png\",\"width\":10342,\"height\":3872,\"caption\":\"Dreams of Isa\"},\"image\":{\"@id\":\"http:\\\/\\\/dreamsofisa.org\\\/es\\\/#\\\/schema\\\/logo\\\/image\\\/\"},\"sameAs\":[\"https:\\\/\\\/www.facebook.com\\\/dreamsofisa\\\/, https:\\\/\\\/www.facebook.com\\\/isa.ruyalari\",\"https:\\\/\\\/www.instagram.com\\\/dreamsofisa_\\\/, https:\\\/\\\/www.instagram.com\\\/isa_ruyalari\\\/\"]}]}<\/script>\n<!-- \/ Yoast SEO plugin. -->","yoast_head_json":{"title":"Contact Us - Dreams of Isa Al-Masih %","description":"Get in touch and we'll get back to you as soon as we can. \u00a0We look forward to hearing from you!","robots":{"index":"index","follow":"follow","max-snippet":"max-snippet:-1","max-image-preview":"max-image-preview:large","max-video-preview":"max-video-preview:-1"},"canonical":"https:\/\/dreamsofisa.org\/fr\/contact-us\/","og_locale":"fr_FR","og_type":"article","og_title":"Contact Us - Dreams of Isa Al-Masih %","og_description":"Get in touch and we'll get back to you as soon as we can. \u00a0We look forward to hearing from you!","og_url":"https:\/\/dreamsofisa.org\/fr\/contact-us\/","og_site_name":"Dreams of Isa Al-Masih","article_publisher":"https:\/\/www.facebook.com\/dreamsofisa\/%2c%20https%3a\/\/www.facebook.com\/isa.ruyalari","article_modified_time":"2025-02-06T23:44:01+00:00","twitter_card":"summary_large_image","twitter_misc":{"Dur\u00e9e de lecture estim\u00e9e":"1 minute"},"schema":{"@context":"https:\/\/schema.org","@graph":[{"@type":"WebPage","@id":"https:\/\/dreamsofisa.org\/contact-us\/","url":"https:\/\/dreamsofisa.org\/contact-us\/","name":"Contact Us - Dreams of Isa Al-Masih %","isPartOf":{"@id":"http:\/\/dreamsofisa.org\/es\/#website"},"datePublished":"2018-04-27T13:57:18+00:00","dateModified":"2025-02-06T23:44:01+00:00","description":"Get in touch and we'll get back to you as soon as we can. \u00a0We look forward to hearing from you!","breadcrumb":{"@id":"https:\/\/dreamsofisa.org\/contact-us\/#breadcrumb"},"inLanguage":"fr-FR","potentialAction":[{"@type":"ReadAction","target":["https:\/\/dreamsofisa.org\/contact-us\/"]}]},{"@type":"BreadcrumbList","@id":"https:\/\/dreamsofisa.org\/contact-us\/#breadcrumb","itemListElement":[{"@type":"ListItem","position":1,"name":"Home","item":"https:\/\/dreamsofisa.org\/en\/"},{"@type":"ListItem","position":2,"name":"Contact Us"}]},{"@type":"WebSite","@id":"http:\/\/dreamsofisa.org\/es\/#website","url":"http:\/\/dreamsofisa.org\/es\/","name":"Dreams of Isa Al-Masih","description":"","publisher":{"@id":"http:\/\/dreamsofisa.org\/es\/#organization"},"potentialAction":[{"@type":"SearchAction","target":{"@type":"EntryPoint","urlTemplate":"http:\/\/dreamsofisa.org\/es\/?s={search_term_string}"},"query-input":{"@type":"PropertyValueSpecification","valueRequired":true,"valueName":"search_term_string"}}],"inLanguage":"fr-FR"},{"@type":"Organization","@id":"http:\/\/dreamsofisa.org\/es\/#organization","name":"R\u00eaves d'Isa","url":"http:\/\/dreamsofisa.org\/es\/","logo":{"@type":"ImageObject","inLanguage":"fr-FR","@id":"http:\/\/dreamsofisa.org\/es\/#\/schema\/logo\/image\/","url":"https:\/\/dreamsofisa.org\/wp-content\/uploads\/2018\/05\/logo-hand-blue-1.png","contentUrl":"https:\/\/dreamsofisa.org\/wp-content\/uploads\/2018\/05\/logo-hand-blue-1.png","width":10342,"height":3872,"caption":"Dreams of Isa"},"image":{"@id":"http:\/\/dreamsofisa.org\/es\/#\/schema\/logo\/image\/"},"sameAs":["https:\/\/www.facebook.com\/dreamsofisa\/, https:\/\/www.facebook.com\/isa.ruyalari","https:\/\/www.instagram.com\/dreamsofisa_\/, https:\/\/www.instagram.com\/isa_ruyalari\/"]}]}},"_links":{"self":[{"href":"https:\/\/dreamsofisa.org\/fr\/wp-json\/wp\/v2\/pages\/19","targetHints":{"allow":["GET"]}}],"collection":[{"href":"https:\/\/dreamsofisa.org\/fr\/wp-json\/wp\/v2\/pages"}],"about":[{"href":"https:\/\/dreamsofisa.org\/fr\/wp-json\/wp\/v2\/types\/page"}],"author":[{"embeddable":true,"href":"https:\/\/dreamsofisa.org\/fr\/wp-json\/wp\/v2\/users\/2"}],"replies":[{"embeddable":true,"href":"https:\/\/dreamsofisa.org\/fr\/wp-json\/wp\/v2\/comments?post=19"}],"version-history":[{"count":23,"href":"https:\/\/dreamsofisa.org\/fr\/wp-json\/wp\/v2\/pages\/19\/revisions"}],"predecessor-version":[{"id":4536,"href":"https:\/\/dreamsofisa.org\/fr\/wp-json\/wp\/v2\/pages\/19\/revisions\/4536"}],"wp:attachment":[{"href":"https:\/\/dreamsofisa.org\/fr\/wp-json\/wp\/v2\/media?parent=19"}],"curies":[{"name":"wp","href":"https:\/\/api.w.org\/{rel}","templated":true}]}}