{"id":571,"date":"2018-05-02T15:35:39","date_gmt":"2018-05-02T15:35:39","guid":{"rendered":"http:\/\/dreamsofisa.org\/?page_id=571"},"modified":"2019-04-23T13:45:12","modified_gmt":"2019-04-23T13:45:12","slug":"about-us","status":"publish","type":"page","link":"https:\/\/dreamsofisa.org\/es\/about-us\/","title":{"rendered":"Sobre Nosotros"},"content":{"rendered":"<p><strong>Somos un grupo de creyentes que seguimos la vida y la ense\u00f1anza de nuestro Maestro, Isa Al-Masih.<\/strong><\/p>\n<p><em>\u201cNo todos ellos son iguales: la gente del Libro es una parte que se destaca (por la derecha)[...] Ellos creen en Dios y en el \u00faltimo d\u00eda; ordenan lo que est\u00e1 bien y proh\u00edben lo que est\u00e1 mal; y se apresuran (en emulaci\u00f3n) en (todas) las buenas obras: est\u00e1n en las filas de los justos.\"<\/em> (Al-Imran 3:113-114)<\/p>\n<p><span>El Santo Injil describe a un pueblo especial y los llama \"El Remanente\".<\/span><\/p>\n<ul>\n<li class=\"translation-block\">Seguimos todos los mandamientos y leyes dados por Dios y Sus profetas, que est\u00e1n registrados en el Tor\u00e1, Zabor e Injil.<\/li>\n<li><strong>Observamos el S\u00e1bado.<\/strong>\u2014El s\u00e9ptimo d\u00eda de la semana como el d\u00eda santo de adoraci\u00f3n. \u201cAs\u00ed, los cielos y la tierra se completaron en toda su vasta gama. Para el s\u00e9ptimo d\u00eda Dios hab\u00eda terminado el trabajo que hab\u00eda estado haciendo; as\u00ed que el s\u00e9ptimo d\u00eda descans\u00f3 de toda su obra. Entonces Dios bendijo el s\u00e9ptimo d\u00eda y lo santific\u00f3, porque en \u00e9l descans\u00f3 de toda la obra de crear que hab\u00eda hecho. \u201d(Tor\u00e1, G\u00e9nesis 2: 1-3). \u201cRecuerda el d\u00eda de reposo al santificarlo. Seis d\u00edas trabajar\u00e1s y har\u00e1s todo tu trabajo, pero el s\u00e9ptimo d\u00eda es s\u00e1bado para el Se\u00f1or tu Dios. En \u00e9l no har\u00e1s ning\u00fan trabajo, ni t\u00fa, ni tu hijo o hija, ni tu sirviente o sirvienta, ni tus animales, ni ning\u00fan extranjero que resida en tus ciudades. Porque en seis d\u00edas el Se\u00f1or hizo los cielos y la tierra, el mar y todo lo que hay en ellos, pero descans\u00f3 el s\u00e9ptimo d\u00eda. Por lo tanto, el Se\u00f1or bendijo el d\u00eda de reposo y lo santific\u00f3 \u201d(Tor\u00e1, \u00c9xodo 20: 8-11). Y \u201cSi evitas que tus pies rompan el s\u00e1bado y no hagas lo que quieras en mi d\u00eda santo, si llamas al s\u00e1bado un deleite y el d\u00eda santo del Se\u00f1or es honorable, y si lo honras al no seguir tu propio camino y no hacerlo como quieras o hablando palabras ociosas\" (Tor\u00e1, Isa\u00edas 58:13).<\/li>\n<li><strong>Adoramos a Un Dios.<\/strong>\u201cPorque esto es lo que dice el Se\u00f1or: el que cre\u00f3 los cielos, \u00c9l es Dios; El que form\u00f3 e hizo la tierra, la fund\u00f3; No lo cre\u00f3 para que estuviera vac\u00edo, sino que lo form\u00f3 para ser habitado. Dice: \"Yo soy el Se\u00f1or, y no hay otro\" (Tor\u00e1, Isa\u00edas 45:18).<\/li>\n<li><strong>Alentamos la Vida Saludable.<\/strong><span>&nbsp;<\/span><span>Abstenerse de beber alcohol y comer alimentos ilegales como el cerdo siguiendo las instrucciones directas de Al\u00e1 en el Tor\u00e1                                                                                                                                                                                                                                                                                                                                                                                                                                                                                                                                                                                                                                                                                                                                                                                                                                                                                                                            y el Injil.<\/span><\/li>\n<\/ul>","protected":false},"excerpt":{"rendered":"<p>We are a group of believers who follow the life and teaching of our Master, Isa Al-Masih. &#8220;Not all of them are alike: of the people of the Book are a portion that stand (for the right) . . . They believe in God and the last day; they enjoin what is right, and forbid what is wrong; and they hasten (in emulation) in (all) good works: they are in the ranks of the righteous.&#8221; (Al-Imran 3:113-114) The Holy Injil [&hellip;]<\/p>\n","protected":false},"author":2,"featured_media":0,"parent":0,"menu_order":0,"comment_status":"closed","ping_status":"closed","template":"","meta":{"_monsterinsights_skip_tracking":false,"_monsterinsights_sitenote_active":false,"_monsterinsights_sitenote_note":"","_monsterinsights_sitenote_category":0,"footnotes":""},"class_list":["post-571","page","type-page","status-publish","hentry"],"yoast_head":"<!-- This site is optimized with the Yoast SEO plugin v27.3 - https:\/\/yoast.com\/product\/yoast-seo-wordpress\/ -->\n<title>About Us - Dreams of Isa Al-Masih<\/title>\n<meta name=\"description\" content=\"Have you had dream(s) of a Man in White? Did He call you to follow Him? For centuries, God (Allah) has spoken to people through dreams and visions.\u200b Contact us about your dream. We will help you.\" \/>\n<meta name=\"robots\" content=\"index, follow, max-snippet:-1, max-image-preview:large, max-video-preview:-1\" \/>\n<link rel=\"canonical\" href=\"https:\/\/dreamsofisa.org\/es\/about-us\/\" \/>\n<meta property=\"og:locale\" content=\"es_ES\" \/>\n<meta property=\"og:type\" content=\"article\" \/>\n<meta property=\"og:title\" content=\"About Us - Dreams of Isa Al-Masih\" \/>\n<meta property=\"og:description\" content=\"Have you had dream(s) of a Man in White? Did He call you to follow Him? For centuries, God (Allah) has spoken to people through dreams and visions.\u200b Contact us about your dream. We will help you.\" \/>\n<meta property=\"og:url\" content=\"https:\/\/dreamsofisa.org\/es\/about-us\/\" \/>\n<meta property=\"og:site_name\" content=\"Dreams of Isa Al-Masih\" \/>\n<meta property=\"article:publisher\" content=\"https:\/\/www.facebook.com\/dreamsofisa\/%2c%20https%3a\/\/www.facebook.com\/isa.ruyalari\" \/>\n<meta property=\"article:modified_time\" content=\"2019-04-23T13:45:12+00:00\" \/>\n<meta name=\"twitter:card\" content=\"summary_large_image\" \/>\n<meta name=\"twitter:label1\" content=\"Tiempo de lectura\" \/>\n\t<meta name=\"twitter:data1\" content=\"2 minutos\" \/>\n<script type=\"application\/ld+json\" class=\"yoast-schema-graph\">{\"@context\":\"https:\\\/\\\/schema.org\",\"@graph\":[{\"@type\":\"WebPage\",\"@id\":\"https:\\\/\\\/dreamsofisa.org\\\/about-us\\\/\",\"url\":\"https:\\\/\\\/dreamsofisa.org\\\/about-us\\\/\",\"name\":\"About Us - Dreams of Isa Al-Masih\",\"isPartOf\":{\"@id\":\"http:\\\/\\\/dreamsofisa.org\\\/es\\\/#website\"},\"datePublished\":\"2018-05-02T15:35:39+00:00\",\"dateModified\":\"2019-04-23T13:45:12+00:00\",\"description\":\"Have you had dream(s) of a Man in White? Did He call you to follow Him? For centuries, God (Allah) has spoken to people through dreams and visions.\u200b Contact us about your dream. We will help you.\",\"breadcrumb\":{\"@id\":\"https:\\\/\\\/dreamsofisa.org\\\/about-us\\\/#breadcrumb\"},\"inLanguage\":\"es\",\"potentialAction\":[{\"@type\":\"ReadAction\",\"target\":[\"https:\\\/\\\/dreamsofisa.org\\\/about-us\\\/\"]}]},{\"@type\":\"BreadcrumbList\",\"@id\":\"https:\\\/\\\/dreamsofisa.org\\\/about-us\\\/#breadcrumb\",\"itemListElement\":[{\"@type\":\"ListItem\",\"position\":1,\"name\":\"Home\",\"item\":\"https:\\\/\\\/dreamsofisa.org\\\/en\\\/\"},{\"@type\":\"ListItem\",\"position\":2,\"name\":\"About Us\"}]},{\"@type\":\"WebSite\",\"@id\":\"http:\\\/\\\/dreamsofisa.org\\\/es\\\/#website\",\"url\":\"http:\\\/\\\/dreamsofisa.org\\\/es\\\/\",\"name\":\"Dreams of Isa Al-Masih\",\"description\":\"\",\"publisher\":{\"@id\":\"http:\\\/\\\/dreamsofisa.org\\\/es\\\/#organization\"},\"potentialAction\":[{\"@type\":\"SearchAction\",\"target\":{\"@type\":\"EntryPoint\",\"urlTemplate\":\"http:\\\/\\\/dreamsofisa.org\\\/es\\\/?s={search_term_string}\"},\"query-input\":{\"@type\":\"PropertyValueSpecification\",\"valueRequired\":true,\"valueName\":\"search_term_string\"}}],\"inLanguage\":\"es\"},{\"@type\":\"Organization\",\"@id\":\"http:\\\/\\\/dreamsofisa.org\\\/es\\\/#organization\",\"name\":\"Dreams of Isa\",\"url\":\"http:\\\/\\\/dreamsofisa.org\\\/es\\\/\",\"logo\":{\"@type\":\"ImageObject\",\"inLanguage\":\"es\",\"@id\":\"http:\\\/\\\/dreamsofisa.org\\\/es\\\/#\\\/schema\\\/logo\\\/image\\\/\",\"url\":\"https:\\\/\\\/dreamsofisa.org\\\/wp-content\\\/uploads\\\/2018\\\/05\\\/logo-hand-blue-1.png\",\"contentUrl\":\"https:\\\/\\\/dreamsofisa.org\\\/wp-content\\\/uploads\\\/2018\\\/05\\\/logo-hand-blue-1.png\",\"width\":10342,\"height\":3872,\"caption\":\"Dreams of Isa\"},\"image\":{\"@id\":\"http:\\\/\\\/dreamsofisa.org\\\/es\\\/#\\\/schema\\\/logo\\\/image\\\/\"},\"sameAs\":[\"https:\\\/\\\/www.facebook.com\\\/dreamsofisa\\\/, https:\\\/\\\/www.facebook.com\\\/isa.ruyalari\",\"https:\\\/\\\/www.instagram.com\\\/dreamsofisa_\\\/, https:\\\/\\\/www.instagram.com\\\/isa_ruyalari\\\/\"]}]}<\/script>\n<!-- \/ Yoast SEO plugin. -->","yoast_head_json":{"title":"About Us - Dreams of Isa Al-Masih","description":"\u00bfHas so\u00f1ado con un hombre en blanco? \u00bfTe llam\u00f3 para que lo siguieras? Durante siglos, Dios (Al\u00e1) ha hablado con las personas a trav\u00e9s de sue\u00f1os y visiones. Cu\u00e9ntanos sobre tu sue\u00f1o. Te ayudaremos.","robots":{"index":"index","follow":"follow","max-snippet":"max-snippet:-1","max-image-preview":"max-image-preview:large","max-video-preview":"max-video-preview:-1"},"canonical":"https:\/\/dreamsofisa.org\/es\/about-us\/","og_locale":"es_ES","og_type":"article","og_title":"About Us - Dreams of Isa Al-Masih","og_description":"Have you had dream(s) of a Man in White? Did He call you to follow Him? For centuries, God (Allah) has spoken to people through dreams and visions.\u200b Contact us about your dream. We will help you.","og_url":"https:\/\/dreamsofisa.org\/es\/about-us\/","og_site_name":"Dreams of Isa Al-Masih","article_publisher":"https:\/\/www.facebook.com\/dreamsofisa\/%2c%20https%3a\/\/www.facebook.com\/isa.ruyalari","article_modified_time":"2019-04-23T13:45:12+00:00","twitter_card":"summary_large_image","twitter_misc":{"Tiempo de lectura":"2 minutos"},"schema":{"@context":"https:\/\/schema.org","@graph":[{"@type":"WebPage","@id":"https:\/\/dreamsofisa.org\/about-us\/","url":"https:\/\/dreamsofisa.org\/about-us\/","name":"About Us - Dreams of Isa Al-Masih","isPartOf":{"@id":"http:\/\/dreamsofisa.org\/es\/#website"},"datePublished":"2018-05-02T15:35:39+00:00","dateModified":"2019-04-23T13:45:12+00:00","description":"\u00bfHas so\u00f1ado con un hombre en blanco? \u00bfTe llam\u00f3 para que lo siguieras? Durante siglos, Dios (Al\u00e1) ha hablado con las personas a trav\u00e9s de sue\u00f1os y visiones. Cu\u00e9ntanos sobre tu sue\u00f1o. Te ayudaremos.","breadcrumb":{"@id":"https:\/\/dreamsofisa.org\/about-us\/#breadcrumb"},"inLanguage":"es","potentialAction":[{"@type":"ReadAction","target":["https:\/\/dreamsofisa.org\/about-us\/"]}]},{"@type":"BreadcrumbList","@id":"https:\/\/dreamsofisa.org\/about-us\/#breadcrumb","itemListElement":[{"@type":"ListItem","position":1,"name":"Home","item":"https:\/\/dreamsofisa.org\/en\/"},{"@type":"ListItem","position":2,"name":"About Us"}]},{"@type":"WebSite","@id":"http:\/\/dreamsofisa.org\/es\/#website","url":"http:\/\/dreamsofisa.org\/es\/","name":"Dreams of Isa Al-Masih","description":"","publisher":{"@id":"http:\/\/dreamsofisa.org\/es\/#organization"},"potentialAction":[{"@type":"SearchAction","target":{"@type":"EntryPoint","urlTemplate":"http:\/\/dreamsofisa.org\/es\/?s={search_term_string}"},"query-input":{"@type":"PropertyValueSpecification","valueRequired":true,"valueName":"search_term_string"}}],"inLanguage":"es"},{"@type":"Organization","@id":"http:\/\/dreamsofisa.org\/es\/#organization","name":"Sue\u00f1os de Isa","url":"http:\/\/dreamsofisa.org\/es\/","logo":{"@type":"ImageObject","inLanguage":"es","@id":"http:\/\/dreamsofisa.org\/es\/#\/schema\/logo\/image\/","url":"https:\/\/dreamsofisa.org\/wp-content\/uploads\/2018\/05\/logo-hand-blue-1.png","contentUrl":"https:\/\/dreamsofisa.org\/wp-content\/uploads\/2018\/05\/logo-hand-blue-1.png","width":10342,"height":3872,"caption":"Dreams of Isa"},"image":{"@id":"http:\/\/dreamsofisa.org\/es\/#\/schema\/logo\/image\/"},"sameAs":["https:\/\/www.facebook.com\/dreamsofisa\/, https:\/\/www.facebook.com\/isa.ruyalari","https:\/\/www.instagram.com\/dreamsofisa_\/, https:\/\/www.instagram.com\/isa_ruyalari\/"]}]}},"_links":{"self":[{"href":"https:\/\/dreamsofisa.org\/es\/wp-json\/wp\/v2\/pages\/571","targetHints":{"allow":["GET"]}}],"collection":[{"href":"https:\/\/dreamsofisa.org\/es\/wp-json\/wp\/v2\/pages"}],"about":[{"href":"https:\/\/dreamsofisa.org\/es\/wp-json\/wp\/v2\/types\/page"}],"author":[{"embeddable":true,"href":"https:\/\/dreamsofisa.org\/es\/wp-json\/wp\/v2\/users\/2"}],"replies":[{"embeddable":true,"href":"https:\/\/dreamsofisa.org\/es\/wp-json\/wp\/v2\/comments?post=571"}],"version-history":[{"count":10,"href":"https:\/\/dreamsofisa.org\/es\/wp-json\/wp\/v2\/pages\/571\/revisions"}],"predecessor-version":[{"id":2174,"href":"https:\/\/dreamsofisa.org\/es\/wp-json\/wp\/v2\/pages\/571\/revisions\/2174"}],"wp:attachment":[{"href":"https:\/\/dreamsofisa.org\/es\/wp-json\/wp\/v2\/media?parent=571"}],"curies":[{"name":"wp","href":"https:\/\/api.w.org\/{rel}","templated":true}]}}